{"id":1136,"date":"2024-12-12T10:52:30","date_gmt":"2024-12-12T10:52:30","guid":{"rendered":"https:\/\/grucoop.es\/?page_id=1136"},"modified":"2025-02-27T13:04:03","modified_gmt":"2025-02-27T13:04:03","slug":"aviso-legal","status":"publish","type":"page","link":"https:\/\/grucoop.es\/en\/aviso-legal\/","title":{"rendered":"Aviso legal"},"content":{"rendered":"<p>GRUCOOP SPAIN S.L, responsable del sitio web (en adelante responsable) y pone a disposici\u00f3n de los usuarios la siguiente informaci\u00f3n, con la que pretende dar cumplimiento a las obligaciones dispuestas en la Ley 34\/2002, de 11 de julio, de Servicios de la Sociedad de la Informaci\u00f3n y de Comercio Electr\u00f3nico (LSSICE), BOE N\u00ba166, as\u00ed como informar a todos los usuarios del sitio web de cu\u00e1les son las condiciones de uso.<\/p>\n\n\n\n<p>Toda persona que acceda a este sitio web, asume el papel de usuario, comprometi\u00e9ndose al cumplimiento riguroso de las disposiciones aqu\u00ed dispuestas, as\u00ed como a cualquier otra disposici\u00f3n legal que fuera de aplicaci\u00f3n.<\/p>\n\n\n\n<p>GRUCOOP SPAIN S.L, se reserva el derecho de modificar cualquier tipo de informaci\u00f3n que pudiera aparecer en el sitio web, sin que exista obligaci\u00f3n de preavisar o poner en conocimiento de los usuarios dichas obligaciones, entendi\u00e9ndose como suficiente con la publicaci\u00f3n en este sitio web.<\/p>\n\n\n\n<ol class=\"wp-block-list\">\n<li>DATOS IDENTIFICATIVOS DEL RESPONSABLE DEL SITIO WEB<\/li>\n<\/ol>\n\n\n\n<p>&#8211; DENOMINACI\u00d3N SOCIAL: &nbsp;GRUCOOP SPAIN S.L<\/p>\n\n\n\n<p>&#8211; CIF: B-73825382<\/p>\n\n\n\n<p>&#8211; DOMICILIO: CALLE PER\u00da N\u00ba5, PLANTA 2, OFICINA 13, 30820-ALCANTARILLA (MURCIA)<\/p>\n\n\n\n<p>&#8211; TEL\u00c9FONO: 968 353069<\/p>\n\n\n\n<p>&#8211; E-MAIL: administracion@grucoop.es<\/p>\n\n\n\n<p>&#8211; NOMBRE DEL DOMINIO WEB: www.grucoop.es<\/p>\n\n\n\n<p>&#8211; DATOS REGISTRALES: Fecha dicisiete de enero de dos mil catorce, en el tomo 3012, folio 110, inscripci\u00f3n 1, con hoja MU-82812.<\/p>\n\n\n\n<ul class=\"wp-block-list\">\n<li>DERECHOS DE LA PROPIEDAD INTELECTUAL E INDUSTRIAL<\/li>\n<\/ul>\n\n\n\n<p>El sitio web, incluyendo a t\u00edtulo enunciativo, pero no limitativo su programaci\u00f3n, edici\u00f3n, compilaci\u00f3n y dem\u00e1s elementos necesarios para su funcionamiento, los dise\u00f1os, logotipos, textos, etc, son propiedad del responsable, o si es el caso, dispone de licencia o autorizaci\u00f3n expresa por parte de los autores. Todos los contenidos de este sitio web, se encuentran debidamente protegidos por la normativa de propiedad intelectual e industrial, as\u00ed como inscritos en los registros p\u00fablicos correspondientes.<\/p>\n\n\n\n<p>Independientemente de la finalidad para la que fueran destinados, la reproducci\u00f3n total o parcial, uso, explotaci\u00f3n, distribuci\u00f3n y comercializaci\u00f3n, requiere en todo caso de la autorizaci\u00f3n escrita previa por parte del responsable. Cualquier uso no autorizado previamente se considera un incumplimiento grave de los derechos de propiedad intelectual o industrial del autor.<\/p>\n\n\n\n<p>Los dise\u00f1os, logotipos, texto y\/o gr\u00e1ficos ajenos al responsable y que pudieran aparecer en el sitio web, pertenecen a sus respectivos propietarios, siendo ellos mismos responsables de cualquier posible controversia que pudiera suscitarse respecto a los mismos. El responsable autoriza expresamente a que terceros puedan redirigir directamente a los contenidos concretos del sitio web. El responsable, reconoce a favor de sus titulares, los correspondientes derechos de propiedad intelectual e industrial, no implicando su sola menci\u00f3n o aparici\u00f3n en el sitio web, la existencia de derechos o responsabilidad alguna sobre los mismos, como tampoco respaldo, patrocinio o recomendaci\u00f3n por parte del mismo.<\/p>\n\n\n\n<p>Para realizar cualquier tipo de observaci\u00f3n respecto a posibles incumplimientos de los derechos de propiedad intelectual o industrial, as\u00ed como sobre cualquiera de los contenidos del sitio web, puede hacerlo a trav\u00e9s del correo electr\u00f3nico facilitado en los datos identificativos del responsable de la web.<\/p>\n\n\n\n<ul class=\"wp-block-list\">\n<li>EXENCI\u00d3N DE RESPONSABILIDADES<\/li>\n<\/ul>\n\n\n\n<p>El responsable, se exime de cualquier tipo de responsabilidad derivada de la informaci\u00f3n publicada en su sitio web, siempre que esta informaci\u00f3n haya sido manipulada o introducida por un tercero ajeno al mismo.<\/p>\n\n\n\n<p>POL\u00cdTICA DE ENLACES<\/p>\n\n\n\n<p>Desde el sitio web, es posible que se redirija a contenidos de terceros sitios web. Dado que el responsable no puede controlar siempre los contenidos introducidos por terceros en sus respectivos sitios web, no asume ning\u00fan tipo de responsabilidad respecto a dichos contenidos. En todo caso, proceder\u00e1 a la retirada inmediata de cualquier contenido que pudiera contravenir la legislaci\u00f3n nacional o internacional, la moral o el orden p\u00fablico, procediendo a la retirada de la redirecci\u00f3n a dicho sitio web, poniendo en conocimiento de las autoridades competentes el contenido en cuesti\u00f3n.<\/p>\n\n\n\n<p>El responsable, no se responsabiliza de la informaci\u00f3n y contenidos almacenados, a t\u00edtulo enunciativo pero no limitativo, en foros, chats, generadores de blogs, comentarios, redes sociales o cualquier otro medio que permita a terceros publicar contenidos de forma independiente en esta p\u00e1gina web. Sin embargo, y en cumplimiento de lo dispuesto en los art\u00edculos 11 y 16 de la LSSI-CE, se pone a disposici\u00f3n de todos los usuarios, autoridades y fuerzas de seguridad, colaborando de forma activa en la retirada o, en su caso, bloqueo de todos aquellos contenidos que puedan afectar o contravenir la legislaci\u00f3n nacional o internacional, los derechos de terceros o la moral y el orden p\u00fablico. En caso de que el usuario considere que existe en el sitio web alg\u00fan contenido que pudiera ser susceptible de esta clasificaci\u00f3n, se ruega lo notifique de forma inmediata.<\/p>\n\n\n\n<ul class=\"wp-block-list\">\n<li>ACTUALIZACI\u00d3N Y MODIFICACI\u00d3N DE LA INFORMACI\u00d3N<\/li>\n<\/ul>\n\n\n\n<p>La informaci\u00f3n que aparece en este sitio web, es la vigente en la fecha de su \u00faltima actualizaci\u00f3n. No se podr\u00e1 alterar, cambiar, modificar, o adaptar este sitio web. Sin embargo, el responsable, se reserva el derecho a poder actualizar, modificar o eliminar la informaci\u00f3n de este sitio web, pudiendo limitar o no permitir el acceso al mismo y a efectuar cuantos cambios y modificaciones estime convenientes, pudiendo hacer uso de tal facultad en cualquier momento y sin previo aviso. &nbsp;<\/p>\n\n\n\n<p>Este sitio web, se ha revisado y probado para que funcione correctamente. En principio, puede garantizarse el correcto funcionamiento los 365 d\u00edas del a\u00f1o, 24 horas al d\u00eda. Sin embargo, el responsable no descarta la posibilidad de que existan ciertos errores de programaci\u00f3n, o que acontezcan causas de fuerza mayor, cat\u00e1strofes naturales, huelgas o circunstancias semejantes que hagan imposible el acceso al sitio web.<\/p>\n\n\n\n<ul class=\"wp-block-list\">\n<li>LEY APLICABLE Y JURISDICCI\u00d3N<\/li>\n<\/ul>\n\n\n\n<p>Para la resoluci\u00f3n de todas las controversias o cuestiones relacionadas con el presente sitio web o de las actividades en el desarrolladas, ser\u00e1 de aplicaci\u00f3n la legislaci\u00f3n espa\u00f1ola, a la que se someten expresamente las partes, siendo competentes para la resoluci\u00f3n de todos los conflictos derivados o relacionados con su uso los Juzgados y Tribunales del domicilio del usuario o, del lugar del cumplimiento de la obligaci\u00f3n.<\/p>","protected":false},"excerpt":{"rendered":"<p>GRUCOOP SPAIN S.L, responsable del sitio web (en adelante responsable) y pone a disposici\u00f3n de los usuarios la siguiente informaci\u00f3n, con la que pretende dar cumplimiento a las obligaciones dispuestas en la Ley 34\/2002, de 11 de julio, de Servicios de la Sociedad de la Informaci\u00f3n y de Comercio Electr\u00f3nico (LSSICE), BOE N\u00ba166, as\u00ed como [&hellip;]<\/p>\n","protected":false},"author":1,"featured_media":0,"parent":0,"menu_order":0,"comment_status":"closed","ping_status":"closed","template":"","meta":{"site-sidebar-layout":"default","site-content-layout":"","ast-site-content-layout":"default","site-content-style":"default","site-sidebar-style":"default","ast-global-header-display":"","ast-banner-title-visibility":"","ast-main-header-display":"","ast-hfb-above-header-display":"","ast-hfb-below-header-display":"","ast-hfb-mobile-header-display":"","site-post-title":"","ast-breadcrumbs-content":"","ast-featured-img":"","footer-sml-layout":"","ast-disable-related-posts":"","theme-transparent-header-meta":"","adv-header-id-meta":"","stick-header-meta":"","header-above-stick-meta":"","header-main-stick-meta":"","header-below-stick-meta":"","astra-migrate-meta-layouts":"set","ast-page-background-enabled":"default","ast-page-background-meta":{"desktop":{"background-color":"","background-image":"","background-repeat":"repeat","background-position":"center center","background-size":"auto","background-attachment":"scroll","background-type":"","background-media":"","overlay-type":"","overlay-color":"","overlay-opacity":"","overlay-gradient":""},"tablet":{"background-color":"","background-image":"","background-repeat":"repeat","background-position":"center center","background-size":"auto","background-attachment":"scroll","background-type":"","background-media":"","overlay-type":"","overlay-color":"","overlay-opacity":"","overlay-gradient":""},"mobile":{"background-color":"","background-image":"","background-repeat":"repeat","background-position":"center center","background-size":"auto","background-attachment":"scroll","background-type":"","background-media":"","overlay-type":"","overlay-color":"","overlay-opacity":"","overlay-gradient":""}},"ast-content-background-meta":{"desktop":{"background-color":"var(--ast-global-color-5)","background-image":"","background-repeat":"repeat","background-position":"center center","background-size":"auto","background-attachment":"scroll","background-type":"","background-media":"","overlay-type":"","overlay-color":"","overlay-opacity":"","overlay-gradient":""},"tablet":{"background-color":"var(--ast-global-color-5)","background-image":"","background-repeat":"repeat","background-position":"center center","background-size":"auto","background-attachment":"scroll","background-type":"","background-media":"","overlay-type":"","overlay-color":"","overlay-opacity":"","overlay-gradient":""},"mobile":{"background-color":"var(--ast-global-color-5)","background-image":"","background-repeat":"repeat","background-position":"center center","background-size":"auto","background-attachment":"scroll","background-type":"","background-media":"","overlay-type":"","overlay-color":"","overlay-opacity":"","overlay-gradient":""}},"footnotes":""},"class_list":["post-1136","page","type-page","status-publish","hentry"],"yoast_head":"<!-- This site is optimized with the Yoast SEO plugin v27.5 - https:\/\/yoast.com\/product\/yoast-seo-wordpress\/ -->\n<title>Aviso legal - grucoop<\/title>\n<meta name=\"robots\" content=\"index, follow, max-snippet:-1, max-image-preview:large, max-video-preview:-1\" \/>\n<link rel=\"canonical\" href=\"https:\/\/grucoop.es\/en\/aviso-legal\/\" \/>\n<meta property=\"og:locale\" content=\"en_GB\" \/>\n<meta property=\"og:type\" content=\"article\" \/>\n<meta property=\"og:title\" content=\"Aviso legal - grucoop\" \/>\n<meta property=\"og:description\" content=\"GRUCOOP SPAIN S.L, responsable del sitio web (en adelante responsable) y pone a disposici\u00f3n de los usuarios la siguiente informaci\u00f3n, con la que pretende dar cumplimiento a las obligaciones dispuestas en la Ley 34\/2002, de 11 de julio, de Servicios de la Sociedad de la Informaci\u00f3n y de Comercio Electr\u00f3nico (LSSICE), BOE N\u00ba166, as\u00ed como [&hellip;]\" \/>\n<meta property=\"og:url\" content=\"https:\/\/grucoop.es\/en\/aviso-legal\/\" \/>\n<meta property=\"og:site_name\" content=\"grucoop\" \/>\n<meta property=\"article:modified_time\" content=\"2025-02-27T13:04:03+00:00\" \/>\n<meta name=\"twitter:card\" content=\"summary_large_image\" \/>\n<meta name=\"twitter:label1\" content=\"Estimated reading time\" \/>\n\t<meta name=\"twitter:data1\" content=\"5 minutes\" \/>\n<script type=\"application\/ld+json\" class=\"yoast-schema-graph\">{\"@context\":\"https:\\\/\\\/schema.org\",\"@graph\":[{\"@type\":\"WebPage\",\"@id\":\"https:\\\/\\\/grucoop.es\\\/aviso-legal\\\/\",\"url\":\"https:\\\/\\\/grucoop.es\\\/aviso-legal\\\/\",\"name\":\"Aviso legal - grucoop\",\"isPartOf\":{\"@id\":\"https:\\\/\\\/grucoop.es\\\/#website\"},\"datePublished\":\"2024-12-12T10:52:30+00:00\",\"dateModified\":\"2025-02-27T13:04:03+00:00\",\"breadcrumb\":{\"@id\":\"https:\\\/\\\/grucoop.es\\\/aviso-legal\\\/#breadcrumb\"},\"inLanguage\":\"en-GB\",\"potentialAction\":[{\"@type\":\"ReadAction\",\"target\":[\"https:\\\/\\\/grucoop.es\\\/aviso-legal\\\/\"]}]},{\"@type\":\"BreadcrumbList\",\"@id\":\"https:\\\/\\\/grucoop.es\\\/aviso-legal\\\/#breadcrumb\",\"itemListElement\":[{\"@type\":\"ListItem\",\"position\":1,\"name\":\"Portada\",\"item\":\"https:\\\/\\\/grucoop.es\\\/\"},{\"@type\":\"ListItem\",\"position\":2,\"name\":\"Aviso legal\"}]},{\"@type\":\"WebSite\",\"@id\":\"https:\\\/\\\/grucoop.es\\\/#website\",\"url\":\"https:\\\/\\\/grucoop.es\\\/\",\"name\":\"grucoop\",\"description\":\"Asesor\u00eda Laboral, Contable, Fiscal y Jur\u00eddica\",\"publisher\":{\"@id\":\"https:\\\/\\\/grucoop.es\\\/#organization\"},\"potentialAction\":[{\"@type\":\"SearchAction\",\"target\":{\"@type\":\"EntryPoint\",\"urlTemplate\":\"https:\\\/\\\/grucoop.es\\\/?s={search_term_string}\"},\"query-input\":{\"@type\":\"PropertyValueSpecification\",\"valueRequired\":true,\"valueName\":\"search_term_string\"}}],\"inLanguage\":\"en-GB\"},{\"@type\":\"Organization\",\"@id\":\"https:\\\/\\\/grucoop.es\\\/#organization\",\"name\":\"grucoop\",\"url\":\"https:\\\/\\\/grucoop.es\\\/\",\"logo\":{\"@type\":\"ImageObject\",\"inLanguage\":\"en-GB\",\"@id\":\"https:\\\/\\\/grucoop.es\\\/#\\\/schema\\\/logo\\\/image\\\/\",\"url\":\"https:\\\/\\\/grucoop.es\\\/wp-content\\\/uploads\\\/2025\\\/02\\\/cropped-GRUCOOP-SPAIN-SL.png\",\"contentUrl\":\"https:\\\/\\\/grucoop.es\\\/wp-content\\\/uploads\\\/2025\\\/02\\\/cropped-GRUCOOP-SPAIN-SL.png\",\"width\":250,\"height\":33,\"caption\":\"grucoop\"},\"image\":{\"@id\":\"https:\\\/\\\/grucoop.es\\\/#\\\/schema\\\/logo\\\/image\\\/\"}}]}<\/script>\n<!-- \/ Yoast SEO plugin. -->","yoast_head_json":{"title":"Aviso legal - grucoop","robots":{"index":"index","follow":"follow","max-snippet":"max-snippet:-1","max-image-preview":"max-image-preview:large","max-video-preview":"max-video-preview:-1"},"canonical":"https:\/\/grucoop.es\/en\/aviso-legal\/","og_locale":"en_GB","og_type":"article","og_title":"Aviso legal - grucoop","og_description":"GRUCOOP SPAIN S.L, responsable del sitio web (en adelante responsable) y pone a disposici\u00f3n de los usuarios la siguiente informaci\u00f3n, con la que pretende dar cumplimiento a las obligaciones dispuestas en la Ley 34\/2002, de 11 de julio, de Servicios de la Sociedad de la Informaci\u00f3n y de Comercio Electr\u00f3nico (LSSICE), BOE N\u00ba166, as\u00ed como [&hellip;]","og_url":"https:\/\/grucoop.es\/en\/aviso-legal\/","og_site_name":"grucoop","article_modified_time":"2025-02-27T13:04:03+00:00","twitter_card":"summary_large_image","twitter_misc":{"Estimated reading time":"5 minutes"},"schema":{"@context":"https:\/\/schema.org","@graph":[{"@type":"WebPage","@id":"https:\/\/grucoop.es\/aviso-legal\/","url":"https:\/\/grucoop.es\/aviso-legal\/","name":"Aviso legal - grucoop","isPartOf":{"@id":"https:\/\/grucoop.es\/#website"},"datePublished":"2024-12-12T10:52:30+00:00","dateModified":"2025-02-27T13:04:03+00:00","breadcrumb":{"@id":"https:\/\/grucoop.es\/aviso-legal\/#breadcrumb"},"inLanguage":"en-GB","potentialAction":[{"@type":"ReadAction","target":["https:\/\/grucoop.es\/aviso-legal\/"]}]},{"@type":"BreadcrumbList","@id":"https:\/\/grucoop.es\/aviso-legal\/#breadcrumb","itemListElement":[{"@type":"ListItem","position":1,"name":"Portada","item":"https:\/\/grucoop.es\/"},{"@type":"ListItem","position":2,"name":"Aviso legal"}]},{"@type":"WebSite","@id":"https:\/\/grucoop.es\/#website","url":"https:\/\/grucoop.es\/","name":"grucoop","description":"Labor, Accounting, Tax and Legal Consulting","publisher":{"@id":"https:\/\/grucoop.es\/#organization"},"potentialAction":[{"@type":"SearchAction","target":{"@type":"EntryPoint","urlTemplate":"https:\/\/grucoop.es\/?s={search_term_string}"},"query-input":{"@type":"PropertyValueSpecification","valueRequired":true,"valueName":"search_term_string"}}],"inLanguage":"en-GB"},{"@type":"Organization","@id":"https:\/\/grucoop.es\/#organization","name":"grucoop","url":"https:\/\/grucoop.es\/","logo":{"@type":"ImageObject","inLanguage":"en-GB","@id":"https:\/\/grucoop.es\/#\/schema\/logo\/image\/","url":"https:\/\/grucoop.es\/wp-content\/uploads\/2025\/02\/cropped-GRUCOOP-SPAIN-SL.png","contentUrl":"https:\/\/grucoop.es\/wp-content\/uploads\/2025\/02\/cropped-GRUCOOP-SPAIN-SL.png","width":250,"height":33,"caption":"grucoop"},"image":{"@id":"https:\/\/grucoop.es\/#\/schema\/logo\/image\/"}}]}},"_links":{"self":[{"href":"https:\/\/grucoop.es\/en\/wp-json\/wp\/v2\/pages\/1136","targetHints":{"allow":["GET"]}}],"collection":[{"href":"https:\/\/grucoop.es\/en\/wp-json\/wp\/v2\/pages"}],"about":[{"href":"https:\/\/grucoop.es\/en\/wp-json\/wp\/v2\/types\/page"}],"author":[{"embeddable":true,"href":"https:\/\/grucoop.es\/en\/wp-json\/wp\/v2\/users\/1"}],"replies":[{"embeddable":true,"href":"https:\/\/grucoop.es\/en\/wp-json\/wp\/v2\/comments?post=1136"}],"version-history":[{"count":3,"href":"https:\/\/grucoop.es\/en\/wp-json\/wp\/v2\/pages\/1136\/revisions"}],"predecessor-version":[{"id":1269,"href":"https:\/\/grucoop.es\/en\/wp-json\/wp\/v2\/pages\/1136\/revisions\/1269"}],"wp:attachment":[{"href":"https:\/\/grucoop.es\/en\/wp-json\/wp\/v2\/media?parent=1136"}],"curies":[{"name":"wp","href":"https:\/\/api.w.org\/{rel}","templated":true}]}}