{"id":1138,"date":"2024-12-12T10:53:16","date_gmt":"2024-12-12T10:53:16","guid":{"rendered":"https:\/\/grucoop.es\/?page_id=1138"},"modified":"2025-02-05T11:16:28","modified_gmt":"2025-02-05T11:16:28","slug":"politica-de-privacidad","status":"publish","type":"page","link":"https:\/\/grucoop.es\/en\/politica-de-privacidad\/","title":{"rendered":"Privacy policy"},"content":{"rendered":"<p>QUI\u00c9N ES EL RESPONSABLE DE SUS DATOS PERSONALES<\/p>\n\n\n\n<p>GRUCOOP SPAIN S.L, es el responsable del tratamiento de los datos personales del usuario y le informa de que estos datos ser\u00e1n tratados de conformidad con lo dispuesto en el <a>Reglamento (UE) 2016\/679, de 27 de abril (GDPR), y la Ley Org\u00e1nica 3\/2018, de 5 de diciembre (LOPDGDD).<\/a><\/p>\n\n\n\n<p>PARA QUE TRATAMOS SUS DATOS PERSONALES Y PORQU\u00c9 LO HACEMOS<\/p>\n\n\n\n<p>Seg\u00fan como hayamos obtenido sus datos personales en el sitio web, los trataremos de manera confidencial para alcanzar los siguientes fines:<\/p>\n\n\n\n<p>A trav\u00e9s del formulario de contacto:<\/p>\n\n\n\n<p>&#8211; Para dar respuesta a las consultas o cualquier tipo de petici\u00f3n realizada por el usuario a trav\u00e9s de cualquiera de las formas de contacto que ponemos a su disposici\u00f3n en este sitio web (por el inter\u00e9s leg\u00edtimo del responsable, art. 6.1.f GDPR).<\/p>\n\n\n\n<p>CONSERVACI\u00d3N DE SUS DATOS PERSONALES<\/p>\n\n\n\n<p>Sus datos personales, se conservar\u00e1n durante no m\u00e1s tiempo del necesario para mantener el fin del tratamiento o que existan prescripciones legales que dictaminen su custodia y cuando ya no sean necesarios para ello, se suprimir\u00e1n con medidas de seguridad adecuadas para garantizar la anonimizaci\u00f3n de los datos o la destrucci\u00f3n total de los mismos.<strong><\/strong><\/p>\n\n\n\n<p>DESTINATARIOS DE SUS DATOS PERSONALES<\/p>\n\n\n\n<p>No est\u00e1 prevista ninguna comunicaci\u00f3n de datos personales a terceros salvo, si fuese necesario para el desarrollo y ejecuci\u00f3n de las finalidades del tratamiento.<\/p>\n\n\n\n<p>CU\u00c1LES SON SUS DERECHOS Y C\u00d3MO EJERCITARLOS<\/p>\n\n\n\n<p>Como interesado que nos ha proporcionado sus datos personales, tiene pleno derecho para ejercitar los siguientes derechos que la normativa en materia de protecci\u00f3n de datos le reconoce, conforme a lo previsto en la misma:<\/p>\n\n\n\n<p><strong>&#8211; <\/strong>Derecho de Acceso: El interesado tendr\u00e1 derecho a solicitar y obtener gratuitamente la informaci\u00f3n de sus datos de car\u00e1cter personal sometidos a tratamiento, el origen de dichos datos, as\u00ed como, las comunicaciones realizadas o que se prev\u00e9n hacer de los mismos. Cuando el interesado presente la solicitud por medios electr\u00f3nicos, y a menos que este solicite que se facilite de otro modo, la informaci\u00f3n se facilitar\u00e1 en un formato electr\u00f3nico de uso com\u00fan. El derecho a obtener copia no afectar\u00e1 negativamente a los derechos y libertades de otros.<\/p>\n\n\n\n<p>&#8211; Derecho de Rectificaci\u00f3n y Supresi\u00f3n: El responsable, tendr\u00e1 la obligaci\u00f3n de hacer efectivo el derecho de rectificaci\u00f3n o supresi\u00f3n del interesado en el plazo de diez d\u00edas. Ser\u00e1n rectificados o suprimidos en su caso, los datos de car\u00e1cter personal cuyo tratamiento no se ajuste a lo dispuesto en la ley y en particular, cuando tales datos resulten inexactos e incompletos, tendr\u00e1 derecho a obtener sin dilaci\u00f3n indebida, la rectificaci\u00f3n de los datos personales inexactos que le conciernan. El interesado tendr\u00e1 derecho a que se completen los datos personales que sean incompletos, inclusive mediante una declaraci\u00f3n adicional.<\/p>\n\n\n\n<p>&#8211; Derecho a la Limitaci\u00f3n del tratamiento: El interesado tendr\u00e1 derecho a obtener del responsable, la limitaci\u00f3n del tratamiento de los datos. Cuando el tratamiento de datos personales se haya limitado, solo podr\u00e1n ser objeto de tratamiento para su conservaci\u00f3n, con el consentimiento del interesado, para la formulaci\u00f3n, el ejercicio o la defensa de reclamaciones, con miras a la protecci\u00f3n de los derechos de otra persona f\u00edsica o jur\u00eddica o por razones de inter\u00e9s p\u00fablico. Todo interesado que haya obtenido la limitaci\u00f3n del tratamiento ser\u00e1 informado por la agencia de viajes antes del levantamiento de dicha limitaci\u00f3n.<\/p>\n\n\n\n<p><strong>&#8211; <\/strong>Derecho de Oposici\u00f3n: El interesado tendr\u00e1 derecho a oponerse en cualquier momento, por motivos relacionados con su situaci\u00f3n particular, a que datos personales que le conciernan (inter\u00e9s p\u00fablico e inter\u00e9s leg\u00edtimo) sean objeto de tratamiento, incluida la elaboraci\u00f3n de perfiles sobre la base de dichas disposiciones. El responsable, dejar\u00e1 de tratar los datos personales, salvo que acredite motivos leg\u00edtimos imperiosos para el tratamiento que prevalezcan sobre los intereses, los derechos y las libertades del interesado, o para la formulaci\u00f3n, el ejercicio o la defensa de reclamaciones.<\/p>\n\n\n\n<p>En caso de que se haya vulnerado cualquiera de sus derechos, el interesado tiene derecho a presentar una reclamaci\u00f3n ante la Agencia Espa\u00f1ola de Protecci\u00f3n de Datos (AEPD), en C\/ Jorge Juan N\u00ba6, 28001-Madrid, o a trav\u00e9s de la sede electr\u00f3nica de la AEPD: <a href=\"http:\/\/www.aepd.es\">http:\/\/www.aepd.es<\/a>.<\/p>\n\n\n\n<p>DATOS DE CONTACTO PARA EJERCER SUS DERECHOS:<\/p>\n\n\n\n<p>&#8211; DENOMINACI\u00d3N SOCIAL:&nbsp; GRUCOOP SPAIN S.L<\/p>\n\n\n\n<p>&#8211; CIF: B-73825382<\/p>\n\n\n\n<p>&#8211; DOMICILIO: CALLE PER\u00da N\u00ba5, PLANTA 2, OFICINA 13, 30820-ALCANTARILLA (MURCIA)<\/p>\n\n\n\n<p>&#8211; TEL\u00c9FONO: 968 353069<\/p>\n\n\n\n<p>&#8211; E-MAIL: administracion@grucoop.es<\/p>\n\n\n\n<ul class=\"wp-block-list\">\n<li>CAR\u00c1CTER OBLIGATORIO O FACULTATIVO DE LA INFORMACI\u00d3N FACILITADA POR EL USUARIO<\/li>\n<\/ul>\n\n\n\n<p>El usuario, mediante la entrada de datos en los campos del formulario de contacto, acepta expresamente y de forma libre e inequ\u00edvoca, que sus datos son necesarios para atender su petici\u00f3n, por parte del responsable. El usuario, garantiza que los datos personales facilitados son veraces y se hace responsable de comunicar cualquier modificaci\u00f3n de los mismos.<\/p>\n\n\n\n<p>Todos los datos solicitados a trav\u00e9s del sitio web son obligatorios, ya que son necesarios para la prestaci\u00f3n de un servicio \u00f3ptimo al usuario. En caso de que no se faciliten todos los datos, no se garantiza que la informaci\u00f3n y servicios facilitados sean completamente ajustados a sus necesidades.<\/p>\n\n\n\n<ul class=\"wp-block-list\">\n<li>MEDIDAS DE SEGURIDAD<\/li>\n<\/ul>\n\n\n\n<p>De conformidad con lo dispuesto en el Reglamento (UE) 2016\/679, de 27 de abril (GDPR), y la Ley Org\u00e1nica 3\/2018, de 5 de diciembre (LOPDGDD), el responsable cumple con todas las disposiciones para el tratamiento de los datos personales de su responsabilidad, y manifiestamente con los principios descritos en el art\u00edculo 5 del GDPR, por los cuales son tratados de manera l\u00edcita, leal y transparente en relaci\u00f3n con el interesado y adecuados, pertinentes y limitados a lo necesario en relaci\u00f3n con los fines para los que son tratados.<\/p>\n\n\n\n<p><a>Garantizamos el tener implantadas todas las pol\u00edticas t\u00e9cnicas <\/a>y organizativas apropiadas para aplicar las medidas de seguridad que se establecen el Reglamento (UE) 2016\/679, de 27 de abril (GDPR), y la Ley Org\u00e1nica 3\/2018, de 5 de diciembre (LOPDGDD), con el fin de proteger los derechos y libertades de los usuarios y les ha comunicado la informaci\u00f3n adecuada para que puedan ejercerlos.<\/p>\n\n\n\n<p><\/p>","protected":false},"excerpt":{"rendered":"<p>QUI\u00c9N ES EL RESPONSABLE DE SUS DATOS PERSONALES GRUCOOP SPAIN S.L, es el responsable del tratamiento de los datos personales del usuario y le informa de que estos datos ser\u00e1n tratados de conformidad con lo dispuesto en el Reglamento (UE) 2016\/679, de 27 de abril (GDPR), y la Ley Org\u00e1nica 3\/2018, de 5 de diciembre [&hellip;]<\/p>\n","protected":false},"author":1,"featured_media":0,"parent":0,"menu_order":0,"comment_status":"closed","ping_status":"closed","template":"","meta":{"site-sidebar-layout":"default","site-content-layout":"","ast-site-content-layout":"default","site-content-style":"default","site-sidebar-style":"default","ast-global-header-display":"","ast-banner-title-visibility":"","ast-main-header-display":"","ast-hfb-above-header-display":"","ast-hfb-below-header-display":"","ast-hfb-mobile-header-display":"","site-post-title":"","ast-breadcrumbs-content":"","ast-featured-img":"","footer-sml-layout":"","ast-disable-related-posts":"","theme-transparent-header-meta":"","adv-header-id-meta":"","stick-header-meta":"","header-above-stick-meta":"","header-main-stick-meta":"","header-below-stick-meta":"","astra-migrate-meta-layouts":"set","ast-page-background-enabled":"default","ast-page-background-meta":{"desktop":{"background-color":"","background-image":"","background-repeat":"repeat","background-position":"center center","background-size":"auto","background-attachment":"scroll","background-type":"","background-media":"","overlay-type":"","overlay-color":"","overlay-opacity":"","overlay-gradient":""},"tablet":{"background-color":"","background-image":"","background-repeat":"repeat","background-position":"center center","background-size":"auto","background-attachment":"scroll","background-type":"","background-media":"","overlay-type":"","overlay-color":"","overlay-opacity":"","overlay-gradient":""},"mobile":{"background-color":"","background-image":"","background-repeat":"repeat","background-position":"center center","background-size":"auto","background-attachment":"scroll","background-type":"","background-media":"","overlay-type":"","overlay-color":"","overlay-opacity":"","overlay-gradient":""}},"ast-content-background-meta":{"desktop":{"background-color":"var(--ast-global-color-5)","background-image":"","background-repeat":"repeat","background-position":"center center","background-size":"auto","background-attachment":"scroll","background-type":"","background-media":"","overlay-type":"","overlay-color":"","overlay-opacity":"","overlay-gradient":""},"tablet":{"background-color":"var(--ast-global-color-5)","background-image":"","background-repeat":"repeat","background-position":"center center","background-size":"auto","background-attachment":"scroll","background-type":"","background-media":"","overlay-type":"","overlay-color":"","overlay-opacity":"","overlay-gradient":""},"mobile":{"background-color":"var(--ast-global-color-5)","background-image":"","background-repeat":"repeat","background-position":"center center","background-size":"auto","background-attachment":"scroll","background-type":"","background-media":"","overlay-type":"","overlay-color":"","overlay-opacity":"","overlay-gradient":""}},"footnotes":""},"class_list":["post-1138","page","type-page","status-publish","hentry"],"yoast_head":"<!-- This site is optimized with the Yoast SEO plugin v27.5 - https:\/\/yoast.com\/product\/yoast-seo-wordpress\/ -->\n<title>Pol\u00edtica de privacidad - grucoop<\/title>\n<meta name=\"robots\" content=\"index, follow, max-snippet:-1, max-image-preview:large, max-video-preview:-1\" \/>\n<link rel=\"canonical\" href=\"https:\/\/grucoop.es\/en\/politica-de-privacidad\/\" \/>\n<meta property=\"og:locale\" content=\"en_GB\" \/>\n<meta property=\"og:type\" content=\"article\" \/>\n<meta property=\"og:title\" content=\"Pol\u00edtica de privacidad - grucoop\" \/>\n<meta property=\"og:description\" content=\"QUI\u00c9N ES EL RESPONSABLE DE SUS DATOS PERSONALES GRUCOOP SPAIN S.L, es el responsable del tratamiento de los datos personales del usuario y le informa de que estos datos ser\u00e1n tratados de conformidad con lo dispuesto en el Reglamento (UE) 2016\/679, de 27 de abril (GDPR), y la Ley Org\u00e1nica 3\/2018, de 5 de diciembre [&hellip;]\" \/>\n<meta property=\"og:url\" content=\"https:\/\/grucoop.es\/en\/politica-de-privacidad\/\" \/>\n<meta property=\"og:site_name\" content=\"grucoop\" \/>\n<meta property=\"article:modified_time\" content=\"2025-02-05T11:16:28+00:00\" \/>\n<meta name=\"twitter:card\" content=\"summary_large_image\" \/>\n<script type=\"application\/ld+json\" class=\"yoast-schema-graph\">{\"@context\":\"https:\\\/\\\/schema.org\",\"@graph\":[{\"@type\":\"WebPage\",\"@id\":\"https:\\\/\\\/grucoop.es\\\/politica-de-privacidad\\\/\",\"url\":\"https:\\\/\\\/grucoop.es\\\/politica-de-privacidad\\\/\",\"name\":\"Pol\u00edtica de privacidad - grucoop\",\"isPartOf\":{\"@id\":\"https:\\\/\\\/grucoop.es\\\/#website\"},\"datePublished\":\"2024-12-12T10:53:16+00:00\",\"dateModified\":\"2025-02-05T11:16:28+00:00\",\"breadcrumb\":{\"@id\":\"https:\\\/\\\/grucoop.es\\\/politica-de-privacidad\\\/#breadcrumb\"},\"inLanguage\":\"en-GB\",\"potentialAction\":[{\"@type\":\"ReadAction\",\"target\":[\"https:\\\/\\\/grucoop.es\\\/politica-de-privacidad\\\/\"]}]},{\"@type\":\"BreadcrumbList\",\"@id\":\"https:\\\/\\\/grucoop.es\\\/politica-de-privacidad\\\/#breadcrumb\",\"itemListElement\":[{\"@type\":\"ListItem\",\"position\":1,\"name\":\"Portada\",\"item\":\"https:\\\/\\\/grucoop.es\\\/\"},{\"@type\":\"ListItem\",\"position\":2,\"name\":\"Pol\u00edtica de privacidad\"}]},{\"@type\":\"WebSite\",\"@id\":\"https:\\\/\\\/grucoop.es\\\/#website\",\"url\":\"https:\\\/\\\/grucoop.es\\\/\",\"name\":\"grucoop\",\"description\":\"Asesor\u00eda Laboral, Contable, Fiscal y Jur\u00eddica\",\"publisher\":{\"@id\":\"https:\\\/\\\/grucoop.es\\\/#organization\"},\"potentialAction\":[{\"@type\":\"SearchAction\",\"target\":{\"@type\":\"EntryPoint\",\"urlTemplate\":\"https:\\\/\\\/grucoop.es\\\/?s={search_term_string}\"},\"query-input\":{\"@type\":\"PropertyValueSpecification\",\"valueRequired\":true,\"valueName\":\"search_term_string\"}}],\"inLanguage\":\"en-GB\"},{\"@type\":\"Organization\",\"@id\":\"https:\\\/\\\/grucoop.es\\\/#organization\",\"name\":\"grucoop\",\"url\":\"https:\\\/\\\/grucoop.es\\\/\",\"logo\":{\"@type\":\"ImageObject\",\"inLanguage\":\"en-GB\",\"@id\":\"https:\\\/\\\/grucoop.es\\\/#\\\/schema\\\/logo\\\/image\\\/\",\"url\":\"https:\\\/\\\/grucoop.es\\\/wp-content\\\/uploads\\\/2025\\\/02\\\/cropped-GRUCOOP-SPAIN-SL.png\",\"contentUrl\":\"https:\\\/\\\/grucoop.es\\\/wp-content\\\/uploads\\\/2025\\\/02\\\/cropped-GRUCOOP-SPAIN-SL.png\",\"width\":250,\"height\":33,\"caption\":\"grucoop\"},\"image\":{\"@id\":\"https:\\\/\\\/grucoop.es\\\/#\\\/schema\\\/logo\\\/image\\\/\"}}]}<\/script>\n<!-- \/ Yoast SEO plugin. -->","yoast_head_json":{"title":"Pol\u00edtica de privacidad - grucoop","robots":{"index":"index","follow":"follow","max-snippet":"max-snippet:-1","max-image-preview":"max-image-preview:large","max-video-preview":"max-video-preview:-1"},"canonical":"https:\/\/grucoop.es\/en\/politica-de-privacidad\/","og_locale":"en_GB","og_type":"article","og_title":"Pol\u00edtica de privacidad - grucoop","og_description":"QUI\u00c9N ES EL RESPONSABLE DE SUS DATOS PERSONALES GRUCOOP SPAIN S.L, es el responsable del tratamiento de los datos personales del usuario y le informa de que estos datos ser\u00e1n tratados de conformidad con lo dispuesto en el Reglamento (UE) 2016\/679, de 27 de abril (GDPR), y la Ley Org\u00e1nica 3\/2018, de 5 de diciembre [&hellip;]","og_url":"https:\/\/grucoop.es\/en\/politica-de-privacidad\/","og_site_name":"grucoop","article_modified_time":"2025-02-05T11:16:28+00:00","twitter_card":"summary_large_image","schema":{"@context":"https:\/\/schema.org","@graph":[{"@type":"WebPage","@id":"https:\/\/grucoop.es\/politica-de-privacidad\/","url":"https:\/\/grucoop.es\/politica-de-privacidad\/","name":"Pol\u00edtica de privacidad - grucoop","isPartOf":{"@id":"https:\/\/grucoop.es\/#website"},"datePublished":"2024-12-12T10:53:16+00:00","dateModified":"2025-02-05T11:16:28+00:00","breadcrumb":{"@id":"https:\/\/grucoop.es\/politica-de-privacidad\/#breadcrumb"},"inLanguage":"en-GB","potentialAction":[{"@type":"ReadAction","target":["https:\/\/grucoop.es\/politica-de-privacidad\/"]}]},{"@type":"BreadcrumbList","@id":"https:\/\/grucoop.es\/politica-de-privacidad\/#breadcrumb","itemListElement":[{"@type":"ListItem","position":1,"name":"Portada","item":"https:\/\/grucoop.es\/"},{"@type":"ListItem","position":2,"name":"Pol\u00edtica de privacidad"}]},{"@type":"WebSite","@id":"https:\/\/grucoop.es\/#website","url":"https:\/\/grucoop.es\/","name":"grucoop","description":"Labor, Accounting, Tax and Legal Consulting","publisher":{"@id":"https:\/\/grucoop.es\/#organization"},"potentialAction":[{"@type":"SearchAction","target":{"@type":"EntryPoint","urlTemplate":"https:\/\/grucoop.es\/?s={search_term_string}"},"query-input":{"@type":"PropertyValueSpecification","valueRequired":true,"valueName":"search_term_string"}}],"inLanguage":"en-GB"},{"@type":"Organization","@id":"https:\/\/grucoop.es\/#organization","name":"grucoop","url":"https:\/\/grucoop.es\/","logo":{"@type":"ImageObject","inLanguage":"en-GB","@id":"https:\/\/grucoop.es\/#\/schema\/logo\/image\/","url":"https:\/\/grucoop.es\/wp-content\/uploads\/2025\/02\/cropped-GRUCOOP-SPAIN-SL.png","contentUrl":"https:\/\/grucoop.es\/wp-content\/uploads\/2025\/02\/cropped-GRUCOOP-SPAIN-SL.png","width":250,"height":33,"caption":"grucoop"},"image":{"@id":"https:\/\/grucoop.es\/#\/schema\/logo\/image\/"}}]}},"_links":{"self":[{"href":"https:\/\/grucoop.es\/en\/wp-json\/wp\/v2\/pages\/1138","targetHints":{"allow":["GET"]}}],"collection":[{"href":"https:\/\/grucoop.es\/en\/wp-json\/wp\/v2\/pages"}],"about":[{"href":"https:\/\/grucoop.es\/en\/wp-json\/wp\/v2\/types\/page"}],"author":[{"embeddable":true,"href":"https:\/\/grucoop.es\/en\/wp-json\/wp\/v2\/users\/1"}],"replies":[{"embeddable":true,"href":"https:\/\/grucoop.es\/en\/wp-json\/wp\/v2\/comments?post=1138"}],"version-history":[{"count":2,"href":"https:\/\/grucoop.es\/en\/wp-json\/wp\/v2\/pages\/1138\/revisions"}],"predecessor-version":[{"id":1266,"href":"https:\/\/grucoop.es\/en\/wp-json\/wp\/v2\/pages\/1138\/revisions\/1266"}],"wp:attachment":[{"href":"https:\/\/grucoop.es\/en\/wp-json\/wp\/v2\/media?parent=1138"}],"curies":[{"name":"wp","href":"https:\/\/api.w.org\/{rel}","templated":true}]}}