{"id":1140,"date":"2024-12-12T10:53:32","date_gmt":"2024-12-12T10:53:32","guid":{"rendered":"https:\/\/grucoop.es\/?page_id=1140"},"modified":"2025-02-27T13:21:13","modified_gmt":"2025-02-27T13:21:13","slug":"politica-de-cookies","status":"publish","type":"page","link":"https:\/\/grucoop.es\/en\/politica-de-cookies\/","title":{"rendered":"Cookie policy"},"content":{"rendered":"<p><strong><u>POL\u00cdTICA DE COOKIES<\/u><\/strong><\/p>\n\n\n\n<p>QUE SON LAS COOKIES<\/p>\n\n\n\n<p>Una cookie es un fichero que se descarga en su ordenador, tel\u00e9fono m\u00f3vil, tablet, etc, al acceder a determinados sitios web. Las cookies permiten a un sitio web, entre otras cosas, almacenar y recuperar informaci\u00f3n sobre los h\u00e1bitos de navegaci\u00f3n de un usuario o de su equipo y, dependiendo de la informaci\u00f3n que contengan y de la forma en que utilice su equipo, pueden utilizarse para reconocer al usuario.<\/p>\n\n\n\n<p>-Desde un punto de vista t\u00e9cnico, permiten que el sitio web funcione de forma m\u00e1s \u00e1gil y adaptado a las preferencias de los usuarios, como por ejemplo almacenar el idioma, la moneda del pa\u00eds o detectar el dispositivo de acceso.<\/p>\n\n\n\n<p>-Establecen niveles de protecci\u00f3n y seguridad que impiden o dificultan ciberataques contra el sitio web o sus usuarios.<\/p>\n\n\n\n<p>-Permiten que los gestores de los medios puedan conocer datos estad\u00edsticos recopilados en las cookies para mejorar la calidad y experiencia de sus servicios.<\/p>\n\n\n\n<p>-Sirven para optimizar la publicidad que mostramos a los usuarios, ofreciendo la que m\u00e1s se ajusta a sus intereses.<\/p>\n\n\n\n<p>TIPOS DE COOKIES QUE EXISTEN<\/p>\n\n\n\n<p>Seg\u00fan quien sea la entidad que gestione el dominio desde donde se env\u00edan las cookies y trate los datos que se obtengan se pueden distinguir dos tipos:<\/p>\n\n\n\n<p>&#8211; Cookies Propias: Aquellas que se env\u00edan al equipo terminal del usuario desde un equipo o dominio gestionado por el propio editor y desde el que se presta el servicio solicitado por el usuario.<\/p>\n\n\n\n<p>&#8211; Cookies de Terceros: Aquellas que se env\u00edan al equipo terminal del usuario desde un equipo o dominio que no es gestionado por el editor, sino por otra entidad que trata los datos obtenidos trav\u00e9s de las cookies.<\/p>\n\n\n\n<p>En el caso de que las cookies sean instaladas desde un equipo o dominio gestionado por el propio editor pero la informaci\u00f3n que se recoja mediante \u00e9stas sea gestionada por un tercero, no pueden ser consideradas como cookies propias.<\/p>\n\n\n\n<p>Existe tambi\u00e9n una segunda clasificaci\u00f3n seg\u00fan el plazo de tiempo que permanecen almacenadas en el navegador del usuario:<\/p>\n\n\n\n<p>&#8211; Cookies de Sesi\u00f3n: Dise\u00f1adas para recabar y almacenar datos mientras el usuario accede a un sitio web. Se suelen emplear para almacenar informaci\u00f3n que s\u00f3lo interesa conservar para la prestaci\u00f3n del servicio solicitado por el usuario en una sola ocasi\u00f3n (por ejemplo, una lista de productos adquiridos).<\/p>\n\n\n\n<p>&#8211; Cookies Persistentes: Los datos siguen almacenados en el terminal y pueden ser accedidos y tratados durante un periodo definido por el responsable de la cookie, y que puede ir de unos minutos a varios a\u00f1os.<\/p>\n\n\n\n<p>Por \u00faltimo, existe otra clasificaci\u00f3n seg\u00fan la finalidad para la que se traten los datos obtenidos:<\/p>\n\n\n\n<p>&#8211; Cookies T\u00e9cnicas: Aquellas que permiten al usuario la navegaci\u00f3n a trav\u00e9s de un sitio web, plataforma o aplicaci\u00f3n y la utilizaci\u00f3n de las diferentes opciones o servicios que en ella existan como, por ejemplo, controlar el tr\u00e1fico y la comunicaci\u00f3n de datos, identificar la sesi\u00f3n, acceder a partes de acceso restringido, recordar los elementos que integran un pedido, realizar el proceso de compra de un pedido, realizar la solicitud de inscripci\u00f3n o participaci\u00f3n en un evento, utilizar elementos de seguridad durante la navegaci\u00f3n, almacenar contenidos para la difusi\u00f3n de v\u00eddeos o sonido o compartir contenidos a trav\u00e9s de redes sociales.<\/p>\n\n\n\n<p>&#8211; Cookies de Personalizaci\u00f3n: Permiten al usuario acceder al servicio con algunas caracter\u00edsticas de car\u00e1cter general predefinidas en funci\u00f3n de una serie de criterios en el terminal del usuario como por ejemplo serian el idioma, el tipo de navegador a trav\u00e9s del cual accede al servicio, la configuraci\u00f3n regional desde donde accede al servicio, etc.<\/p>\n\n\n\n<p>&#8211; Cookies de An\u00e1lisis: Permiten al responsable de las mismas, el seguimiento y an\u00e1lisis del comportamiento de los usuarios de los sitios web a los que est\u00e1n vinculadas. La informaci\u00f3n recogida mediante este tipo de cookies se utiliza en la medici\u00f3n de la actividad de los sitios web, aplicaci\u00f3n o plataforma y para la elaboraci\u00f3n de perfiles de navegaci\u00f3n de los usuarios de dichos sitios, aplicaciones y plataformas, con el fin de introducir mejoras en funci\u00f3n del an\u00e1lisis de los datos de uso que hacen los usuarios del servicio.<\/p>\n\n\n\n<p>&#8211; Cookies Publicitarias: Permiten la gesti\u00f3n, de la forma m\u00e1s eficaz posible, de los espacios publicitarios.<\/p>\n\n\n\n<p>&#8211; Cookies de Publicidad Comportamental: Almacenan informaci\u00f3n del comportamiento de los usuarios obtenida a trav\u00e9s de la observaci\u00f3n continuada de sus h\u00e1bitos de navegaci\u00f3n, lo que permite desarrollar un perfil espec\u00edfico para mostrar publicidad en funci\u00f3n del mismo.<\/p>\n\n\n\n<p>&#8211; Cookies de Redes Sociales Externas: Se utilizan para que los visitantes puedan interactuar con el contenido de diferentes plataformas sociales (FACEBOOK, YOUTUBE, TWITTER, LINKEDIN, etc) y que se generen \u00fanicamente para los usuarios de dichas redes sociales. Las condiciones de utilizaci\u00f3n de estas cookies y la informaci\u00f3n recopilada se regula por la pol\u00edtica de privacidad de la plataforma social correspondiente.<\/p>\n\n\n\n<p>TIPOS DE COOKIES QUE SE UTILIZAN EN ESTA WEB&nbsp;<\/p>\n\n\n\n<figure class=\"wp-block-table\"><table class=\"has-fixed-layout\"><tbody><tr><td><strong>Propia\/Tercero<\/strong><\/td><td><strong>Finalidad<\/strong><\/td><td><strong>Nombre de la cookie<\/strong><\/td><td><strong>Descripci\u00f3n de la finalidad<\/strong><\/td><td><strong>Caducidad<\/strong><\/td><\/tr><tr><td>Propia<\/td><td>T\u00e9cnica<\/td><td>wpEmojiSettingsSupports<\/td><td>WordPress establece esta cookie cuando un usuario interact\u00faa con emojis en un sitio de WordPress. Ayuda a determinar si el navegador del usuario puede mostrar emojis correctamente.<\/td><td>Sesi\u00f3n<\/td><\/tr><tr><td>Propia<\/td><td>T\u00e9cnica<\/td><td>wpr_guest_token<\/td><td>Esta cookie se utiliza para almacenar un identificador \u00fanico que permite al sitio web reconocer a un usuario visitante como invitado. Esto puede facilitar la gesti\u00f3n de la sesi\u00f3n del usuario o recordar sus preferencias durante la navegaci\u00f3n.<\/td><td>1 d\u00eda<\/td><\/tr><\/tbody><\/table><\/figure>\n\n\n\n<p>REVOCACI\u00d3N DEL CONSENTIMIENTO PARA INSTALAR COOKIES<\/p>\n\n\n\n<p>C\u00d3MO ELIMINAR LAS COOKIES DEL NAVEGADOR<\/p>\n\n\n\n<p>Todos los navegadores permiten hacer cambios para desactivar la configuraci\u00f3n de las cookies. Este es el motivo por el que la mayor\u00eda de navegadores ofrecen la posibilidad de administrar las cookies, para obtener un control m\u00e1s preciso sobre la privacidad.<\/p>\n\n\n\n<p><a>El usuario dispone de la opci\u00f3n de revocar en cualquier momento el consentimiento previamente otorgado para la instalaci\u00f3n de cookies y elegir qu\u00e9 cookies quiere que funcionen en este sitio web mediante, por ejemplo, la configuraci\u00f3n del navegador en:<\/a><\/p>\n\n\n\n<p><a><u>CHROME<\/u><\/a><\/p>\n\n\n\n<ol class=\"wp-block-list\">\n<li>Seleccione el icono de Herramientas<\/li>\n<\/ol>\n\n\n\n<ul class=\"wp-block-list\">\n<li>Haga clic en Configuraci\u00f3n.<\/li>\n<\/ul>\n\n\n\n<ul class=\"wp-block-list\">\n<li>Haga clic en Mostrar Opciones Avanzadas.<\/li>\n<\/ul>\n\n\n\n<ul class=\"wp-block-list\">\n<li>En la secci\u00f3n \u00abPrivacidad\u00bb haga clic en Configuraci\u00f3n de contenido.<\/li>\n<\/ul>\n\n\n\n<ul class=\"wp-block-list\">\n<li>Eliminar cookies: Haga clic en Todas las cookies y los datos de sitios\u2026<\/li>\n\n\n\n<li>No permitir que se almacenen cookies.<\/li>\n<\/ul>\n\n\n\n<ul class=\"wp-block-list\">\n<li>Haga clic en Eliminar datos de navegaci\u00f3n (vaciar la Cach\u00e9).<\/li>\n\n\n\n<li>Cierre y reinicie el navegador.<\/li>\n<\/ul>\n\n\n\n<p>Para m\u00e1s informaci\u00f3n sobre Chrome:<\/p>\n\n\n\n<p><a href=\"http:\/\/support.google.com\/chrome\/answer\/95647?hl=es\">http:\/\/support.google.com\/chrome\/answer\/95647?hl=es<\/a><\/p>\n\n\n\n<p>FIREFOX<\/p>\n\n\n\n<p>1. Seleccione Firefox | Historial | Limpiar el historial reciente.<\/p>\n\n\n\n<p>2. Al lado de \u00abDetalles\u00bb, haga clic en la flecha hacia abajo.<\/p>\n\n\n\n<p>3. Seleccione las siguientes casillas de verificaci\u00f3n: Cookies, Cach\u00e9, Inicios de sesi\u00f3n activos<\/p>\n\n\n\n<p>4. Usando el \u00abIntervalo de tiempo para borrar\u00bb en el men\u00fa desplegable, seleccione Todo.<\/p>\n\n\n\n<p>5. Haga clic en Borrar ahora.<\/p>\n\n\n\n<p>6. Cierre y reinicie el navegador.<\/p>\n\n\n\n<p>Puede aceptar o rechazar las cookies individualmente en las Preferencias de Firefox, en la secci\u00f3n Historial disponible en Herramientas &gt; Opciones &gt; Privacidad.<\/p>\n\n\n\n<p>Para m\u00e1s informaci\u00f3n sobre Mozilla Firefox:<\/p>\n\n\n\n<figure class=\"wp-block-embed\"><div class=\"wp-block-embed__wrapper\">\nhttps:\/\/www.mozilla.org\/es-ES\/privacy\/websites\/#cookies\n<\/div><\/figure>\n\n\n\n<p>SAFARI<\/p>\n\n\n\n<p>1. Seleccione el icono de Safari \/ Editar | Restaurar Safari.<\/p>\n\n\n\n<p>2. Seleccione las siguientes casillas de verificaci\u00f3n: Borrar el historial, Eliminar todos los datos de sitio web.<\/p>\n\n\n\n<p>3. Haga clic en Restablecer.<\/p>\n\n\n\n<p>4. Cierre y reinicie el navegador.<\/p>\n\n\n\n<p>Para m\u00e1s informaci\u00f3n sobre Safari:<\/p>\n\n\n\n<figure class=\"wp-block-embed\"><div class=\"wp-block-embed__wrapper\">\nhttps:\/\/support.apple.com\/es-es\/guide\/safari\/sfri11471\/mac\n<\/div><\/figure>\n\n\n\n<p>OPERA<\/p>\n\n\n\n<p>Opciones &#8211; Avanzado &#8211; Cookies.<\/p>\n\n\n\n<p>Las opciones de cookies controlan el modo en que Opera los maneja y, por lo tanto, su aceptaci\u00f3n o rechazo.<\/p>\n\n\n\n<p>Para m\u00e1s informaci\u00f3n sobre Opera:<\/p>\n\n\n\n<figure class=\"wp-block-embed\"><div class=\"wp-block-embed__wrapper\">\nhttps:\/\/help.opera.com\/en\/latest\/security-and-privacy\/#clearBrowsingData\n<\/div><\/figure>","protected":false},"excerpt":{"rendered":"<p>POL\u00cdTICA DE COOKIES QUE SON LAS COOKIES Una cookie es un fichero que se descarga en su ordenador, tel\u00e9fono m\u00f3vil, tablet, etc, al acceder a determinados sitios web. Las cookies permiten a un sitio web, entre otras cosas, almacenar y recuperar informaci\u00f3n sobre los h\u00e1bitos de navegaci\u00f3n de un usuario o de su equipo y, [&hellip;]<\/p>\n","protected":false},"author":1,"featured_media":0,"parent":0,"menu_order":0,"comment_status":"closed","ping_status":"closed","template":"","meta":{"site-sidebar-layout":"default","site-content-layout":"","ast-site-content-layout":"default","site-content-style":"default","site-sidebar-style":"default","ast-global-header-display":"","ast-banner-title-visibility":"","ast-main-header-display":"","ast-hfb-above-header-display":"","ast-hfb-below-header-display":"","ast-hfb-mobile-header-display":"","site-post-title":"","ast-breadcrumbs-content":"","ast-featured-img":"","footer-sml-layout":"","ast-disable-related-posts":"","theme-transparent-header-meta":"","adv-header-id-meta":"","stick-header-meta":"","header-above-stick-meta":"","header-main-stick-meta":"","header-below-stick-meta":"","astra-migrate-meta-layouts":"set","ast-page-background-enabled":"default","ast-page-background-meta":{"desktop":{"background-color":"","background-image":"","background-repeat":"repeat","background-position":"center center","background-size":"auto","background-attachment":"scroll","background-type":"","background-media":"","overlay-type":"","overlay-color":"","overlay-opacity":"","overlay-gradient":""},"tablet":{"background-color":"","background-image":"","background-repeat":"repeat","background-position":"center center","background-size":"auto","background-attachment":"scroll","background-type":"","background-media":"","overlay-type":"","overlay-color":"","overlay-opacity":"","overlay-gradient":""},"mobile":{"background-color":"","background-image":"","background-repeat":"repeat","background-position":"center center","background-size":"auto","background-attachment":"scroll","background-type":"","background-media":"","overlay-type":"","overlay-color":"","overlay-opacity":"","overlay-gradient":""}},"ast-content-background-meta":{"desktop":{"background-color":"var(--ast-global-color-5)","background-image":"","background-repeat":"repeat","background-position":"center center","background-size":"auto","background-attachment":"scroll","background-type":"","background-media":"","overlay-type":"","overlay-color":"","overlay-opacity":"","overlay-gradient":""},"tablet":{"background-color":"var(--ast-global-color-5)","background-image":"","background-repeat":"repeat","background-position":"center center","background-size":"auto","background-attachment":"scroll","background-type":"","background-media":"","overlay-type":"","overlay-color":"","overlay-opacity":"","overlay-gradient":""},"mobile":{"background-color":"var(--ast-global-color-5)","background-image":"","background-repeat":"repeat","background-position":"center center","background-size":"auto","background-attachment":"scroll","background-type":"","background-media":"","overlay-type":"","overlay-color":"","overlay-opacity":"","overlay-gradient":""}},"footnotes":""},"class_list":["post-1140","page","type-page","status-publish","hentry"],"yoast_head":"<!-- This site is optimized with the Yoast SEO plugin v27.5 - https:\/\/yoast.com\/product\/yoast-seo-wordpress\/ -->\n<title>Pol\u00edtica de cookies - grucoop<\/title>\n<meta name=\"robots\" content=\"index, follow, max-snippet:-1, max-image-preview:large, max-video-preview:-1\" \/>\n<link rel=\"canonical\" href=\"https:\/\/grucoop.es\/en\/politica-de-cookies\/\" \/>\n<meta property=\"og:locale\" content=\"en_GB\" \/>\n<meta property=\"og:type\" content=\"article\" \/>\n<meta property=\"og:title\" content=\"Pol\u00edtica de cookies - grucoop\" \/>\n<meta property=\"og:description\" content=\"POL\u00cdTICA DE COOKIES QUE SON LAS COOKIES Una cookie es un fichero que se descarga en su ordenador, tel\u00e9fono m\u00f3vil, tablet, etc, al acceder a determinados sitios web. Las cookies permiten a un sitio web, entre otras cosas, almacenar y recuperar informaci\u00f3n sobre los h\u00e1bitos de navegaci\u00f3n de un usuario o de su equipo y, [&hellip;]\" \/>\n<meta property=\"og:url\" content=\"https:\/\/grucoop.es\/en\/politica-de-cookies\/\" \/>\n<meta property=\"og:site_name\" content=\"grucoop\" \/>\n<meta property=\"article:modified_time\" content=\"2025-02-27T13:21:13+00:00\" \/>\n<meta name=\"twitter:card\" content=\"summary_large_image\" \/>\n<meta name=\"twitter:label1\" content=\"Estimated reading time\" \/>\n\t<meta name=\"twitter:data1\" content=\"6 minutes\" \/>\n<script type=\"application\/ld+json\" class=\"yoast-schema-graph\">{\"@context\":\"https:\\\/\\\/schema.org\",\"@graph\":[{\"@type\":\"WebPage\",\"@id\":\"https:\\\/\\\/grucoop.es\\\/politica-de-cookies\\\/\",\"url\":\"https:\\\/\\\/grucoop.es\\\/politica-de-cookies\\\/\",\"name\":\"Pol\u00edtica de cookies - grucoop\",\"isPartOf\":{\"@id\":\"https:\\\/\\\/grucoop.es\\\/#website\"},\"datePublished\":\"2024-12-12T10:53:32+00:00\",\"dateModified\":\"2025-02-27T13:21:13+00:00\",\"breadcrumb\":{\"@id\":\"https:\\\/\\\/grucoop.es\\\/politica-de-cookies\\\/#breadcrumb\"},\"inLanguage\":\"en-GB\",\"potentialAction\":[{\"@type\":\"ReadAction\",\"target\":[\"https:\\\/\\\/grucoop.es\\\/politica-de-cookies\\\/\"]}]},{\"@type\":\"BreadcrumbList\",\"@id\":\"https:\\\/\\\/grucoop.es\\\/politica-de-cookies\\\/#breadcrumb\",\"itemListElement\":[{\"@type\":\"ListItem\",\"position\":1,\"name\":\"Portada\",\"item\":\"https:\\\/\\\/grucoop.es\\\/\"},{\"@type\":\"ListItem\",\"position\":2,\"name\":\"Pol\u00edtica de cookies\"}]},{\"@type\":\"WebSite\",\"@id\":\"https:\\\/\\\/grucoop.es\\\/#website\",\"url\":\"https:\\\/\\\/grucoop.es\\\/\",\"name\":\"grucoop\",\"description\":\"Asesor\u00eda Laboral, Contable, Fiscal y Jur\u00eddica\",\"publisher\":{\"@id\":\"https:\\\/\\\/grucoop.es\\\/#organization\"},\"potentialAction\":[{\"@type\":\"SearchAction\",\"target\":{\"@type\":\"EntryPoint\",\"urlTemplate\":\"https:\\\/\\\/grucoop.es\\\/?s={search_term_string}\"},\"query-input\":{\"@type\":\"PropertyValueSpecification\",\"valueRequired\":true,\"valueName\":\"search_term_string\"}}],\"inLanguage\":\"en-GB\"},{\"@type\":\"Organization\",\"@id\":\"https:\\\/\\\/grucoop.es\\\/#organization\",\"name\":\"grucoop\",\"url\":\"https:\\\/\\\/grucoop.es\\\/\",\"logo\":{\"@type\":\"ImageObject\",\"inLanguage\":\"en-GB\",\"@id\":\"https:\\\/\\\/grucoop.es\\\/#\\\/schema\\\/logo\\\/image\\\/\",\"url\":\"https:\\\/\\\/grucoop.es\\\/wp-content\\\/uploads\\\/2025\\\/02\\\/cropped-GRUCOOP-SPAIN-SL.png\",\"contentUrl\":\"https:\\\/\\\/grucoop.es\\\/wp-content\\\/uploads\\\/2025\\\/02\\\/cropped-GRUCOOP-SPAIN-SL.png\",\"width\":250,\"height\":33,\"caption\":\"grucoop\"},\"image\":{\"@id\":\"https:\\\/\\\/grucoop.es\\\/#\\\/schema\\\/logo\\\/image\\\/\"}}]}<\/script>\n<!-- \/ Yoast SEO plugin. -->","yoast_head_json":{"title":"Pol\u00edtica de cookies - grucoop","robots":{"index":"index","follow":"follow","max-snippet":"max-snippet:-1","max-image-preview":"max-image-preview:large","max-video-preview":"max-video-preview:-1"},"canonical":"https:\/\/grucoop.es\/en\/politica-de-cookies\/","og_locale":"en_GB","og_type":"article","og_title":"Pol\u00edtica de cookies - grucoop","og_description":"POL\u00cdTICA DE COOKIES QUE SON LAS COOKIES Una cookie es un fichero que se descarga en su ordenador, tel\u00e9fono m\u00f3vil, tablet, etc, al acceder a determinados sitios web. Las cookies permiten a un sitio web, entre otras cosas, almacenar y recuperar informaci\u00f3n sobre los h\u00e1bitos de navegaci\u00f3n de un usuario o de su equipo y, [&hellip;]","og_url":"https:\/\/grucoop.es\/en\/politica-de-cookies\/","og_site_name":"grucoop","article_modified_time":"2025-02-27T13:21:13+00:00","twitter_card":"summary_large_image","twitter_misc":{"Estimated reading time":"6 minutes"},"schema":{"@context":"https:\/\/schema.org","@graph":[{"@type":"WebPage","@id":"https:\/\/grucoop.es\/politica-de-cookies\/","url":"https:\/\/grucoop.es\/politica-de-cookies\/","name":"Pol\u00edtica de cookies - grucoop","isPartOf":{"@id":"https:\/\/grucoop.es\/#website"},"datePublished":"2024-12-12T10:53:32+00:00","dateModified":"2025-02-27T13:21:13+00:00","breadcrumb":{"@id":"https:\/\/grucoop.es\/politica-de-cookies\/#breadcrumb"},"inLanguage":"en-GB","potentialAction":[{"@type":"ReadAction","target":["https:\/\/grucoop.es\/politica-de-cookies\/"]}]},{"@type":"BreadcrumbList","@id":"https:\/\/grucoop.es\/politica-de-cookies\/#breadcrumb","itemListElement":[{"@type":"ListItem","position":1,"name":"Portada","item":"https:\/\/grucoop.es\/"},{"@type":"ListItem","position":2,"name":"Pol\u00edtica de cookies"}]},{"@type":"WebSite","@id":"https:\/\/grucoop.es\/#website","url":"https:\/\/grucoop.es\/","name":"grucoop","description":"Labor, Accounting, Tax and Legal Consulting","publisher":{"@id":"https:\/\/grucoop.es\/#organization"},"potentialAction":[{"@type":"SearchAction","target":{"@type":"EntryPoint","urlTemplate":"https:\/\/grucoop.es\/?s={search_term_string}"},"query-input":{"@type":"PropertyValueSpecification","valueRequired":true,"valueName":"search_term_string"}}],"inLanguage":"en-GB"},{"@type":"Organization","@id":"https:\/\/grucoop.es\/#organization","name":"grucoop","url":"https:\/\/grucoop.es\/","logo":{"@type":"ImageObject","inLanguage":"en-GB","@id":"https:\/\/grucoop.es\/#\/schema\/logo\/image\/","url":"https:\/\/grucoop.es\/wp-content\/uploads\/2025\/02\/cropped-GRUCOOP-SPAIN-SL.png","contentUrl":"https:\/\/grucoop.es\/wp-content\/uploads\/2025\/02\/cropped-GRUCOOP-SPAIN-SL.png","width":250,"height":33,"caption":"grucoop"},"image":{"@id":"https:\/\/grucoop.es\/#\/schema\/logo\/image\/"}}]}},"_links":{"self":[{"href":"https:\/\/grucoop.es\/en\/wp-json\/wp\/v2\/pages\/1140","targetHints":{"allow":["GET"]}}],"collection":[{"href":"https:\/\/grucoop.es\/en\/wp-json\/wp\/v2\/pages"}],"about":[{"href":"https:\/\/grucoop.es\/en\/wp-json\/wp\/v2\/types\/page"}],"author":[{"embeddable":true,"href":"https:\/\/grucoop.es\/en\/wp-json\/wp\/v2\/users\/1"}],"replies":[{"embeddable":true,"href":"https:\/\/grucoop.es\/en\/wp-json\/wp\/v2\/comments?post=1140"}],"version-history":[{"count":3,"href":"https:\/\/grucoop.es\/en\/wp-json\/wp\/v2\/pages\/1140\/revisions"}],"predecessor-version":[{"id":1272,"href":"https:\/\/grucoop.es\/en\/wp-json\/wp\/v2\/pages\/1140\/revisions\/1272"}],"wp:attachment":[{"href":"https:\/\/grucoop.es\/en\/wp-json\/wp\/v2\/media?parent=1140"}],"curies":[{"name":"wp","href":"https:\/\/api.w.org\/{rel}","templated":true}]}}